{"id":1453,"date":"2021-01-30T11:12:41","date_gmt":"2021-01-30T11:12:41","guid":{"rendered":"https:\/\/terratopraklama.com\/?page_id=1453"},"modified":"2025-11-17T09:10:35","modified_gmt":"2025-11-17T06:10:35","slug":"iletisim","status":"publish","type":"page","link":"https:\/\/terratopraklama.com\/en\/iletisim\/","title":{"rendered":"Communication"},"content":{"rendered":"<div data-elementor-type=\"wp-page\" data-elementor-id=\"1453\" class=\"elementor elementor-1453\">\n\t\t\t\t\t\t<section class=\"elementor-section elementor-top-section elementor-element elementor-element-730ccdee elementor-section-boxed elementor-section-height-default elementor-section-height-default sc_fly_static\" data-id=\"730ccdee\" data-element_type=\"section\" data-settings=\"{&quot;background_background&quot;:&quot;classic&quot;}\">\n\t\t\t\t\t\t<div class=\"elementor-container elementor-column-gap-no\">\n\t\t\t\t\t<div class=\"elementor-column elementor-col-100 elementor-top-column elementor-element elementor-element-331990b8 sc_content_align_inherit sc_layouts_column_icons_position_left sc_fly_static\" data-id=\"331990b8\" data-element_type=\"column\">\n\t\t\t<div class=\"elementor-widget-wrap elementor-element-populated\">\n\t\t\t\t\t\t<div class=\"elementor-element elementor-element-4d83fa7b sc_height_huge sc_fly_static elementor-widget elementor-widget-spacer\" data-id=\"4d83fa7b\" data-element_type=\"widget\" data-widget_type=\"spacer.default\">\n\t\t\t\t<div class=\"elementor-widget-container\">\n\t\t\t\t\t\t\t<div class=\"elementor-spacer\">\n\t\t\t<div class=\"elementor-spacer-inner\"><\/div>\n\t\t<\/div>\n\t\t\t\t\t\t<\/div>\n\t\t\t\t<\/div>\n\t\t\t\t<section class=\"elementor-section elementor-inner-section elementor-element elementor-element-11bded9 elementor-section-boxed elementor-section-height-default elementor-section-height-default sc_fly_static\" data-id=\"11bded9\" data-element_type=\"section\">\n\t\t\t\t\t\t<div class=\"elementor-container elementor-column-gap-no\">\n\t\t\t\t\t<div class=\"elementor-column elementor-col-50 elementor-inner-column elementor-element elementor-element-6e511f5 sc_content_align_inherit sc_layouts_column_icons_position_left sc_fly_static\" data-id=\"6e511f5\" data-element_type=\"column\">\n\t\t\t<div class=\"elementor-widget-wrap elementor-element-populated\">\n\t\t\t\t\t\t<div class=\"elementor-element elementor-element-2333a31a sc_fly_static elementor-widget elementor-widget-trx_sc_title\" data-id=\"2333a31a\" data-element_type=\"widget\" data-widget_type=\"trx_sc_title.default\">\n\t\t\t\t<div class=\"elementor-widget-container\">\n\t\t\t\t\t<div\t\tclass=\"sc_title sc_title_default\" ><span class=\"sc_item_subtitle sc_title_subtitle sc_item_subtitle_above sc_item_title_style_default\">Our Communication Channels<\/span><h1 class=\"sc_item_title sc_title_title sc_item_title_style_default sc_item_title_tag\"\n\t\t\t><span class=\"sc_item_title_text\">We Are Here For The Right Solution<\/span><\/h1><div class=\"sc_item_descr sc_title_descr\"><p>Reach out to us anytime via phone, email or form, and our expert team will share with you the solution that best suits your needs.<\/p>\n<\/div><\/div>\t\t\t\t<\/div>\n\t\t\t\t<\/div>\n\t\t\t\t<div class=\"elementor-element elementor-element-1638f7bf sc_fly_static elementor-widget elementor-widget-spacer\" data-id=\"1638f7bf\" data-element_type=\"widget\" data-widget_type=\"spacer.default\">\n\t\t\t\t<div class=\"elementor-widget-container\">\n\t\t\t\t\t\t\t<div class=\"elementor-spacer\">\n\t\t\t<div class=\"elementor-spacer-inner\"><\/div>\n\t\t<\/div>\n\t\t\t\t\t\t<\/div>\n\t\t\t\t<\/div>\n\t\t\t\t<div class=\"elementor-element elementor-element-59e6b335 sc_fly_static elementor-widget elementor-widget-trx_sc_icons\" data-id=\"59e6b335\" data-element_type=\"widget\" data-widget_type=\"trx_sc_icons.default\">\n\t\t\t\t<div class=\"elementor-widget-container\">\n\t\t\t\t\t<div \tclass=\"sc_icons sc_icons_simple sc_icons_size_small sc_align_none\" ><div class=\"sc_icons_item with_more\"><div class=\"sc_icons_icon sc_icon_type_ icon-marker\" style=\"color: #ED1B24\" ><span class=\"sc_icon_type_ icon-marker\" style=\"color: #ED1B24\"><\/span><\/div><div class=\"sc_icons_item_details\"><div class=\"sc_icons_item_description\"><span>Perpa Trade Center, Block B, Floor: 5, No: 390, Okmeydani\/Sisli\/Istanbul<\/span><\/div><\/div><\/div><div class=\"sc_icons_item sc_icons_item_linked with_more\"><div class=\"sc_icons_icon sc_icon_type_ icon-iphone\" style=\"color: #ED1B24\" ><span class=\"sc_icon_type_ icon-iphone\" style=\"color: #ED1B24\"><\/span><\/div><div class=\"sc_icons_item_details\"><a href=\"tel:+902122224908\" class=\"sc_icons_item_more_link\">\n                        <span class=\"link_text\">+90 212 222 4908<\/span><span class=\"link_icon\"><\/span>\n                        <\/a><a href=\"tel:+902122224908\"\n                        class=\"sc_icons_item_link\">\n                        <\/a><\/div><\/div><div class=\"sc_icons_item with_more\"><div class=\"sc_icons_icon sc_icon_type_ icon-envelope-2\" style=\"color: #ED1B24\" ><span class=\"sc_icon_type_ icon-envelope-2\" style=\"color: #ED1B24\"><\/span><\/div><div class=\"sc_icons_item_details\"><div class=\"sc_icons_item_description\"><span><a href=\"mailto:info@terratopraklama.com\">info@terratopraklama.com<\/a><\/span><\/div><\/div><\/div><\/div><!-- \/.sc_icons -->\t\t\t\t<\/div>\n\t\t\t\t<\/div>\n\t\t\t\t\t<\/div>\n\t\t<\/div>\n\t\t\t\t<div class=\"elementor-column elementor-col-50 elementor-inner-column elementor-element elementor-element-3e903654 sc_content_align_inherit sc_layouts_column_icons_position_left sc_fly_static\" data-id=\"3e903654\" data-element_type=\"column\">\n\t\t\t<div class=\"elementor-widget-wrap elementor-element-populated\">\n\t\t\t\t\t\t<div class=\"elementor-element elementor-element-53a81885 sc_fly_static elementor-widget elementor-widget-spacer\" data-id=\"53a81885\" data-element_type=\"widget\" data-widget_type=\"spacer.default\">\n\t\t\t\t<div class=\"elementor-widget-container\">\n\t\t\t\t\t\t\t<div class=\"elementor-spacer\">\n\t\t\t<div class=\"elementor-spacer-inner\"><\/div>\n\t\t<\/div>\n\t\t\t\t\t\t<\/div>\n\t\t\t\t<\/div>\n\t\t\t\t<div class=\"elementor-element elementor-element-2109e3ca sc_fly_static elementor-widget elementor-widget-trx_sc_contact_form_7\" data-id=\"2109e3ca\" data-element_type=\"widget\" data-widget_type=\"trx_sc_contact_form_7.default\">\n\t\t\t\t<div class=\"elementor-widget-container\">\n\t\t\t\t\t\n<div class=\"wpcf7 no-js\" id=\"wpcf7-f1413-o1\" lang=\"en-US\" dir=\"ltr\" data-wpcf7-id=\"1413\">\n<div class=\"screen-reader-response\"><p role=\"status\" aria-live=\"polite\" aria-atomic=\"true\"><\/p> <ul><\/ul><\/div>\n<form action=\"\/en\/wp-json\/wp\/v2\/pages\/1453#wpcf7-f1413-o1\" method=\"post\" class=\"wpcf7-form init\" aria-label=\"Contact form\" novalidate=\"novalidate\" data-status=\"init\" data-trp-original-action=\"\/en\/wp-json\/wp\/v2\/pages\/1453#wpcf7-f1413-o1\">\n<fieldset class=\"hidden-fields-container\"><input type=\"hidden\" name=\"_wpcf7\" value=\"1413\" \/><input type=\"hidden\" name=\"_wpcf7_version\" value=\"6.1.1\" \/><input type=\"hidden\" name=\"_wpcf7_locale\" value=\"en_US\" \/><input type=\"hidden\" name=\"_wpcf7_unit_tag\" value=\"wpcf7-f1413-o1\" \/><input type=\"hidden\" name=\"_wpcf7_container_post\" value=\"0\" \/><input type=\"hidden\" name=\"_wpcf7_posted_data_hash\" value=\"\" \/>\n<\/fieldset>\n<div class=\"form-style-7\">\n\t<div class=\"columns_wrap\">\n\t\t<div class=\"column-1_1\">\n\t\t\t<p><span class=\"style-line icon-name\"><span class=\"wpcf7-form-control-wrap\" data-name=\"your-name\"><input size=\"40\" maxlength=\"400\" class=\"wpcf7-form-control wpcf7-text wpcf7-validates-as-required\" aria-required=\"true\" aria-invalid=\"false\" placeholder=\"Your name\" value=\"\" type=\"text\" name=\"your-name\" \/><\/span><\/span>\n\t\t\t<\/p>\n\t\t<\/div>\n\t\t<div class=\"column-1_1\">\n\t\t\t<p><span class=\"style-line icon-phone\"><span class=\"wpcf7-form-control-wrap\" data-name=\"phone\"><input size=\"40\" maxlength=\"400\" class=\"wpcf7-form-control wpcf7-tel wpcf7-validates-as-required wpcf7-text wpcf7-validates-as-tel\" aria-required=\"true\" aria-invalid=\"false\" placeholder=\"Your number\" value=\"\" type=\"tel\" name=\"phone\" \/><\/span><\/span>\n\t\t\t<\/p>\n\t\t<\/div>\n\t\t<div class=\"column-1_1\">\n\t\t\t<p><span class=\"style-line icon-email\"><span class=\"wpcf7-form-control-wrap\" data-name=\"your-email\"><input size=\"40\" maxlength=\"400\" class=\"wpcf7-form-control wpcf7-email wpcf7-validates-as-required wpcf7-text wpcf7-validates-as-email\" aria-required=\"true\" aria-invalid=\"false\" placeholder=\"Your Email Address\" value=\"\" type=\"email\" name=\"your-email\" \/><\/span><\/span>\n\t\t\t<\/p>\n\t\t<\/div>\n\t\t<div class=\"column-1_1\">\n\t\t\t<p><span class=\"style-line icon-subject\"><span class=\"wpcf7-form-control-wrap\" data-name=\"subject\"><input size=\"40\" maxlength=\"400\" class=\"wpcf7-form-control wpcf7-text wpcf7-validates-as-required\" aria-required=\"true\" aria-invalid=\"false\" placeholder=\"Subject\" value=\"\" type=\"text\" name=\"subject\" \/><\/span><\/span>\n\t\t\t<\/p>\n\t\t<\/div>\n\t<\/div>\n\t<div class=\"columns_wrap margin-bottom\">\n\t\t<div class=\"column-1_1\">\n\t\t\t<p><span class=\"style-line icon-textarea\"><span class=\"wpcf7-form-control-wrap\" data-name=\"your-message\"><textarea cols=\"40\" rows=\"10\" maxlength=\"2000\" class=\"wpcf7-form-control wpcf7-textarea wpcf7-validates-as-required\" aria-required=\"true\" aria-invalid=\"false\" placeholder=\"How can we help you?\" name=\"your-message\"><\/textarea><\/span><\/span>\n\t\t\t<\/p>\n\t\t<\/div>\n\t<\/div>\n\t<p><span class=\"wpcf7-form-control-wrap\" data-name=\"acceptance\"><span class=\"wpcf7-form-control wpcf7-acceptance\"><span class=\"wpcf7-list-item\"><label><input type=\"checkbox\" name=\"acceptance\" value=\"1\" aria-invalid=\"false\" \/><span class=\"wpcf7-list-item-label\">Collection and storage of my data <a href=\"\/privacy-policy\/\">I accept<\/a>.<\/span><\/label><\/span><\/span><\/span><input class=\"wpcf7-form-control wpcf7-submit has-spinner\" type=\"submit\" value=\"Send\" \/>\n\t<\/p>\n<\/div><div class=\"wpcf7-response-output\" aria-hidden=\"true\"><\/div>\n<input type=\"hidden\" name=\"trp-form-language\" value=\"en\"\/><\/form>\n<\/div>\n\t\t\t\t<\/div>\n\t\t\t\t<\/div>\n\t\t\t\t\t<\/div>\n\t\t<\/div>\n\t\t\t\t\t<\/div>\n\t\t<\/section>\n\t\t\t\t<div class=\"elementor-element elementor-element-7bb3929c sc_height_huge sc_fly_static elementor-widget elementor-widget-spacer\" data-id=\"7bb3929c\" data-element_type=\"widget\" data-widget_type=\"spacer.default\">\n\t\t\t\t<div class=\"elementor-widget-container\">\n\t\t\t\t\t\t\t<div class=\"elementor-spacer\">\n\t\t\t<div class=\"elementor-spacer-inner\"><\/div>\n\t\t<\/div>\n\t\t\t\t\t\t<\/div>\n\t\t\t\t<\/div>\n\t\t\t\t\t<\/div>\n\t\t<\/div>\n\t\t\t\t\t<\/div>\n\t\t<\/section>\n\t\t\t\t<section class=\"elementor-section elementor-top-section elementor-element elementor-element-11cabee elementor-section-full_width elementor-section-height-default elementor-section-height-default sc_fly_static\" data-id=\"11cabee\" data-element_type=\"section\">\n\t\t\t\t\t\t<div class=\"elementor-container elementor-column-gap-no\">\n\t\t\t\t\t<div class=\"elementor-column elementor-col-100 elementor-top-column elementor-element elementor-element-17406cb7 sc_content_align_inherit sc_layouts_column_icons_position_left sc_fly_static\" data-id=\"17406cb7\" data-element_type=\"column\">\n\t\t\t<div class=\"elementor-widget-wrap elementor-element-populated\">\n\t\t\t\t\t\t<div class=\"elementor-element elementor-element-2f9de404 sc_fly_static elementor-widget elementor-widget-trx_sc_googlemap\" data-id=\"2f9de404\" data-element_type=\"widget\" data-widget_type=\"trx_sc_googlemap.default\">\n\t\t\t\t<div class=\"elementor-widget-container\">\n\t\t\t\t\t<div id=\"sc_googlemap_1322652208_wrap\" class=\"sc_googlemap_wrap\"><div id=\"sc_googlemap_1322652208\"\t\t\tclass=\"sc_item_content sc_map sc_googlemap sc_googlemap_default trx_addons_inline_1607289144\"\n\t\t\t \t\t\tdata-zoom=\"16\"\n\t\t\tdata-center=\"\"\n\t\t\tdata-style=\"extra\"\n\t\t\tdata-map-id=\"\"\n\t\t\tdata-cluster-icon=\"\"\n\t\t\t><iframe\n\t\t\t\t\t\tsrc=\"https:\/\/maps.google.com\/maps?t=m&output=embed&iwloc=near&z=16&q=41.06079240343595%2C+28.97092460953739\"\n\t\t\t\t\t\taria-label=\"\"><\/iframe><\/div><\/div>\t\t\t\t<\/div>\n\t\t\t\t<\/div>\n\t\t\t\t\t<\/div>\n\t\t<\/div>\n\t\t\t\t\t<\/div>\n\t\t<\/section>\n\t\t\t\t<\/div>","protected":false},"excerpt":{"rendered":"<p>\u0130leti\u015fim Kanallar\u0131m\u0131z Do\u011fru \u00c7\u00f6z\u00fcm \u0130\u00e7in Buraday\u0131z Telefon, e-posta ya da form \u00fczerinden bize diledi\u011finiz an ula\u015f\u0131n; uzman ekibimiz ihtiya\u00e7lar\u0131n\u0131za en uygun \u00e7\u00f6z\u00fcm\u00fc sizinle payla\u015fs\u0131n. Perpa Ticaret Merkezi, B Blok Kat:5&hellip;<\/p>","protected":false},"author":1,"featured_media":0,"parent":0,"menu_order":0,"comment_status":"closed","ping_status":"closed","template":"","meta":{"_themeisle_gutenberg_block_has_review":false,"footnotes":""},"class_list":["post-1453","page","type-page","status-publish","hentry"],"yoast_head":"<!-- This site is optimized with the Yoast SEO plugin v26.3 - https:\/\/yoast.com\/wordpress\/plugins\/seo\/ -->\n<title>\u0130leti\u015fim - Terra<\/title>\n<meta name=\"description\" content=\"Teknik destek, proje talepleri veya i\u015fbirlikleri i\u00e7in Terra ile ileti\u015fime ge\u00e7in. Uzman ekibimiz size en k\u0131sa s\u00fcrede d\u00f6n\u00fc\u015f sa\u011flar.\" \/>\n<meta name=\"robots\" content=\"index, follow, max-snippet:-1, max-image-preview:large, max-video-preview:-1\" \/>\n<link rel=\"canonical\" href=\"https:\/\/terratopraklama.com\/en\/iletisim\/\" \/>\n<meta property=\"og:locale\" content=\"en_US\" \/>\n<meta property=\"og:type\" content=\"article\" \/>\n<meta property=\"og:title\" content=\"\u0130leti\u015fim - Terra\" \/>\n<meta property=\"og:description\" content=\"Teknik destek, proje talepleri veya i\u015fbirlikleri i\u00e7in Terra ile ileti\u015fime ge\u00e7in. Uzman ekibimiz size en k\u0131sa s\u00fcrede d\u00f6n\u00fc\u015f sa\u011flar.\" \/>\n<meta property=\"og:url\" content=\"https:\/\/terratopraklama.com\/en\/iletisim\/\" \/>\n<meta property=\"og:site_name\" content=\"Terra\" \/>\n<meta property=\"article:modified_time\" content=\"2025-11-17T06:10:35+00:00\" \/>\n<meta name=\"twitter:card\" content=\"summary_large_image\" \/>\n<meta name=\"twitter:label1\" content=\"Est. reading time\" \/>\n\t<meta name=\"twitter:data1\" content=\"1 minute\" \/>\n<script type=\"application\/ld+json\" class=\"yoast-schema-graph\">{\"@context\":\"https:\/\/schema.org\",\"@graph\":[{\"@type\":\"WebPage\",\"@id\":\"https:\/\/terratopraklama.com\/iletisim\/\",\"url\":\"https:\/\/terratopraklama.com\/iletisim\/\",\"name\":\"\u0130leti\u015fim - Terra\",\"isPartOf\":{\"@id\":\"https:\/\/terratopraklama.com\/#website\"},\"datePublished\":\"2021-01-30T11:12:41+00:00\",\"dateModified\":\"2025-11-17T06:10:35+00:00\",\"description\":\"Teknik destek, proje talepleri veya i\u015fbirlikleri i\u00e7in Terra ile ileti\u015fime ge\u00e7in. Uzman ekibimiz size en k\u0131sa s\u00fcrede d\u00f6n\u00fc\u015f sa\u011flar.\",\"breadcrumb\":{\"@id\":\"https:\/\/terratopraklama.com\/iletisim\/#breadcrumb\"},\"inLanguage\":\"en-US\",\"potentialAction\":[{\"@type\":\"ReadAction\",\"target\":[\"https:\/\/terratopraklama.com\/iletisim\/\"]}]},{\"@type\":\"BreadcrumbList\",\"@id\":\"https:\/\/terratopraklama.com\/iletisim\/#breadcrumb\",\"itemListElement\":[{\"@type\":\"ListItem\",\"position\":1,\"name\":\"Anasayfa\",\"item\":\"https:\/\/terratopraklama.com\/\"},{\"@type\":\"ListItem\",\"position\":2,\"name\":\"\u0130leti\u015fim\"}]},{\"@type\":\"WebSite\",\"@id\":\"https:\/\/terratopraklama.com\/#website\",\"url\":\"https:\/\/terratopraklama.com\/\",\"name\":\"Terra\",\"description\":\"M\u00fchendislikten Gelen G\u00fc\u00e7, Topraktan Gelen G\u00fcven\",\"publisher\":{\"@id\":\"https:\/\/terratopraklama.com\/#organization\"},\"potentialAction\":[{\"@type\":\"SearchAction\",\"target\":{\"@type\":\"EntryPoint\",\"urlTemplate\":\"https:\/\/terratopraklama.com\/?s={search_term_string}\"},\"query-input\":{\"@type\":\"PropertyValueSpecification\",\"valueRequired\":true,\"valueName\":\"search_term_string\"}}],\"inLanguage\":\"en-US\"},{\"@type\":\"Organization\",\"@id\":\"https:\/\/terratopraklama.com\/#organization\",\"name\":\"Terra\",\"url\":\"https:\/\/terratopraklama.com\/\",\"logo\":{\"@type\":\"ImageObject\",\"inLanguage\":\"en-US\",\"@id\":\"https:\/\/terratopraklama.com\/#\/schema\/logo\/image\/\",\"url\":\"https:\/\/terratopraklama.com\/wp-content\/uploads\/2025\/09\/cropped-TERRALogo3-1.jpg\",\"contentUrl\":\"https:\/\/terratopraklama.com\/wp-content\/uploads\/2025\/09\/cropped-TERRALogo3-1.jpg\",\"width\":640,\"height\":249,\"caption\":\"Terra\"},\"image\":{\"@id\":\"https:\/\/terratopraklama.com\/#\/schema\/logo\/image\/\"}}]}<\/script>\n<!-- \/ Yoast SEO plugin. -->","yoast_head_json":{"title":"\u0130leti\u015fim - Terra","description":"Teknik destek, proje talepleri veya i\u015fbirlikleri i\u00e7in Terra ile ileti\u015fime ge\u00e7in. Uzman ekibimiz size en k\u0131sa s\u00fcrede d\u00f6n\u00fc\u015f sa\u011flar.","robots":{"index":"index","follow":"follow","max-snippet":"max-snippet:-1","max-image-preview":"max-image-preview:large","max-video-preview":"max-video-preview:-1"},"canonical":"https:\/\/terratopraklama.com\/en\/iletisim\/","og_locale":"en_US","og_type":"article","og_title":"\u0130leti\u015fim - Terra","og_description":"Teknik destek, proje talepleri veya i\u015fbirlikleri i\u00e7in Terra ile ileti\u015fime ge\u00e7in. Uzman ekibimiz size en k\u0131sa s\u00fcrede d\u00f6n\u00fc\u015f sa\u011flar.","og_url":"https:\/\/terratopraklama.com\/en\/iletisim\/","og_site_name":"Terra","article_modified_time":"2025-11-17T06:10:35+00:00","twitter_card":"summary_large_image","twitter_misc":{"Est. reading time":"1 minute"},"schema":{"@context":"https:\/\/schema.org","@graph":[{"@type":"WebPage","@id":"https:\/\/terratopraklama.com\/iletisim\/","url":"https:\/\/terratopraklama.com\/iletisim\/","name":"\u0130leti\u015fim - Terra","isPartOf":{"@id":"https:\/\/terratopraklama.com\/#website"},"datePublished":"2021-01-30T11:12:41+00:00","dateModified":"2025-11-17T06:10:35+00:00","description":"Teknik destek, proje talepleri veya i\u015fbirlikleri i\u00e7in Terra ile ileti\u015fime ge\u00e7in. Uzman ekibimiz size en k\u0131sa s\u00fcrede d\u00f6n\u00fc\u015f sa\u011flar.","breadcrumb":{"@id":"https:\/\/terratopraklama.com\/iletisim\/#breadcrumb"},"inLanguage":"en-US","potentialAction":[{"@type":"ReadAction","target":["https:\/\/terratopraklama.com\/iletisim\/"]}]},{"@type":"BreadcrumbList","@id":"https:\/\/terratopraklama.com\/iletisim\/#breadcrumb","itemListElement":[{"@type":"ListItem","position":1,"name":"Anasayfa","item":"https:\/\/terratopraklama.com\/"},{"@type":"ListItem","position":2,"name":"\u0130leti\u015fim"}]},{"@type":"WebSite","@id":"https:\/\/terratopraklama.com\/#website","url":"https:\/\/terratopraklama.com\/","name":"Terra","description":"Power from Engineering, Confidence from the Ground","publisher":{"@id":"https:\/\/terratopraklama.com\/#organization"},"potentialAction":[{"@type":"SearchAction","target":{"@type":"EntryPoint","urlTemplate":"https:\/\/terratopraklama.com\/?s={search_term_string}"},"query-input":{"@type":"PropertyValueSpecification","valueRequired":true,"valueName":"search_term_string"}}],"inLanguage":"en-US"},{"@type":"Organization","@id":"https:\/\/terratopraklama.com\/#organization","name":"Terra","url":"https:\/\/terratopraklama.com\/","logo":{"@type":"ImageObject","inLanguage":"en-US","@id":"https:\/\/terratopraklama.com\/#\/schema\/logo\/image\/","url":"https:\/\/terratopraklama.com\/wp-content\/uploads\/2025\/09\/cropped-TERRALogo3-1.jpg","contentUrl":"https:\/\/terratopraklama.com\/wp-content\/uploads\/2025\/09\/cropped-TERRALogo3-1.jpg","width":640,"height":249,"caption":"Terra"},"image":{"@id":"https:\/\/terratopraklama.com\/#\/schema\/logo\/image\/"}}]}},"_links":{"self":[{"href":"https:\/\/terratopraklama.com\/en\/wp-json\/wp\/v2\/pages\/1453","targetHints":{"allow":["GET"]}}],"collection":[{"href":"https:\/\/terratopraklama.com\/en\/wp-json\/wp\/v2\/pages"}],"about":[{"href":"https:\/\/terratopraklama.com\/en\/wp-json\/wp\/v2\/types\/page"}],"author":[{"embeddable":true,"href":"https:\/\/terratopraklama.com\/en\/wp-json\/wp\/v2\/users\/1"}],"replies":[{"embeddable":true,"href":"https:\/\/terratopraklama.com\/en\/wp-json\/wp\/v2\/comments?post=1453"}],"version-history":[{"count":11,"href":"https:\/\/terratopraklama.com\/en\/wp-json\/wp\/v2\/pages\/1453\/revisions"}],"predecessor-version":[{"id":21589,"href":"https:\/\/terratopraklama.com\/en\/wp-json\/wp\/v2\/pages\/1453\/revisions\/21589"}],"wp:attachment":[{"href":"https:\/\/terratopraklama.com\/en\/wp-json\/wp\/v2\/media?parent=1453"}],"curies":[{"name":"wp","href":"https:\/\/api.w.org\/{rel}","templated":true}]}}