{"id":19219,"date":"2024-05-27T15:36:40","date_gmt":"2024-05-27T15:36:40","guid":{"rendered":"https:\/\/terratopraklama.com\/?page_id=19219"},"modified":"2025-11-17T09:09:02","modified_gmt":"2025-11-17T06:09:02","slug":"projeler","status":"publish","type":"page","link":"https:\/\/terratopraklama.com\/en\/projeler\/","title":{"rendered":"Projects"},"content":{"rendered":"<div data-elementor-type=\"wp-page\" data-elementor-id=\"19219\" class=\"elementor elementor-19219\">\n\t\t\t\t\t\t<section class=\"elementor-section elementor-top-section elementor-element elementor-element-5d48307 elementor-section-boxed elementor-section-height-default elementor-section-height-default sc_fly_static\" data-id=\"5d48307\" data-element_type=\"section\">\n\t\t\t\t\t\t<div class=\"elementor-container elementor-column-gap-extended\">\n\t\t\t\t\t<div class=\"elementor-column elementor-col-100 elementor-top-column elementor-element elementor-element-4b0a834 sc_content_align_inherit sc_layouts_column_icons_position_left sc_fly_static\" data-id=\"4b0a834\" data-element_type=\"column\">\n\t\t\t<div class=\"elementor-widget-wrap elementor-element-populated\">\n\t\t\t\t\t\t<div class=\"elementor-element elementor-element-dd2ae80 sc_height_huge sc_fly_static elementor-widget elementor-widget-spacer\" data-id=\"dd2ae80\" data-element_type=\"widget\" data-widget_type=\"spacer.default\">\n\t\t\t\t<div class=\"elementor-widget-container\">\n\t\t\t\t\t\t\t<div class=\"elementor-spacer\">\n\t\t\t<div class=\"elementor-spacer-inner\"><\/div>\n\t\t<\/div>\n\t\t\t\t\t\t<\/div>\n\t\t\t\t<\/div>\n\t\t\t\t<div class=\"elementor-element elementor-element-f1c74ef sc_style_default sc_fly_static elementor-widget elementor-widget-trx_sc_blogger\" data-id=\"f1c74ef\" data-element_type=\"widget\" data-widget_type=\"trx_sc_blogger.default\">\n\t\t\t\t<div class=\"elementor-widget-container\">\n\t\t\t\t\t<div \t\tclass=\"sc_blogger sc_blogger_lay_portfolio sc_blogger_lay_portfolio_style-8 sc_item_filters_tabs_none alignnone\" ><div class=\"sc_blogger_columns_wrap sc_item_columns sc_item_posts_container trx_addons_columns_wrap columns_padding_bottom\" ><div class=\"trx_addons_column-1_2\"><div data-post-id=\"18304\" data-item-number=\"1\" class=\"sc_blogger_item sc_item_container post_container sc_blogger_item_lay_portfolio sc_blogger_item_lay_portfolio_style-8 sc_blogger_item_odd sc_blogger_item_align_none post_format_standard sc_blogger_item_with_image sc_blogger_item_no_excerpt sc_blogger_item_image_position_top post-18304 cpt_portfolio type-cpt_portfolio status-publish has-post-thumbnail hentry cpt_portfolio_group-projects\" ><div class=\"sc_blogger_item_body\"><div class=\"post_featured with_thumb hover_on_waves sc_item_featured sc_blogger_item_featured trx_addons_image_effects_on_waves\" data-image-effect=\"on_waves\" data-image-effect-scale=\"1\" data-image-effect-strength=\"30\"><img fetchpriority=\"high\" decoding=\"async\" width=\"572\" height=\"480\" src=\"https:\/\/terratopraklama.com\/wp-content\/uploads\/2024\/05\/Turkcell-1.jpg\" class=\"attachment-kayon-thumb-medium-square size-kayon-thumb-medium-square wp-post-image\" alt=\"\" srcset=\"https:\/\/terratopraklama.com\/wp-content\/uploads\/2024\/05\/Turkcell-1.jpg 572w, https:\/\/terratopraklama.com\/wp-content\/uploads\/2024\/05\/Turkcell-1-300x252.jpg 300w, https:\/\/terratopraklama.com\/wp-content\/uploads\/2024\/05\/Turkcell-1-370x310.jpg 370w, https:\/\/terratopraklama.com\/wp-content\/uploads\/2024\/05\/Turkcell-1-410x344.jpg 410w\" sizes=\"(max-width: 600px) 100vw, 572px\" \/>\t\t\t\t\t\t<div class=\"mask\"><\/div>\n\t\t\t\t\t\t\t\t\t\t<a href=\"https:\/\/terratopraklama.com\/en\/portfolio\/turkcell-data-merkezi\/\"  aria-hidden=\"true\" class=\"icons\"><\/a>\n\t\t\t\t<\/div><div class=\"sc_blogger_item_content entry-content\"><h5 class=\"sc_blogger_item_title entry-title\" data-item-number=\"1\"><a href=\"https:\/\/terratopraklama.com\/en\/portfolio\/turkcell-data-merkezi\/\" rel=\"bookmark\">Turkcell Data Center<\/a><\/h5><div class=\"post_meta sc_blogger_item_meta post_meta_categories\"><span class=\"post_meta_item post_categories cat_sep\"><a href=\"https:\/\/terratopraklama.com\/en\/portfolio_group\/projects\/\" title=\"View all posts in Projects\">Projects<\/a><\/span><\/div><\/div><!-- .entry-content --><\/div><!-- .sc_blogger_item_body --><\/div><!-- .sc_blogger_item --><\/div><div class=\"trx_addons_column-1_2\"><div data-post-id=\"18305\" data-item-number=\"2\" class=\"sc_blogger_item sc_item_container post_container sc_blogger_item_lay_portfolio sc_blogger_item_lay_portfolio_style-8 sc_blogger_item_even sc_blogger_item_align_none post_format_standard sc_blogger_item_with_image sc_blogger_item_no_excerpt sc_blogger_item_image_position_top post-18305 cpt_portfolio type-cpt_portfolio status-publish has-post-thumbnail hentry cpt_portfolio_group-projects\" ><div class=\"sc_blogger_item_body\"><div class=\"post_featured with_thumb hover_on_waves sc_item_featured sc_blogger_item_featured trx_addons_image_effects_on_waves\" data-image-effect=\"on_waves\" data-image-effect-scale=\"1\" data-image-effect-strength=\"30\"><img decoding=\"async\" width=\"572\" height=\"480\" src=\"https:\/\/terratopraklama.com\/wp-content\/uploads\/2024\/05\/KocaeliEntegre.jpg\" class=\"attachment-kayon-thumb-medium-square size-kayon-thumb-medium-square wp-post-image\" alt=\"\" srcset=\"https:\/\/terratopraklama.com\/wp-content\/uploads\/2024\/05\/KocaeliEntegre.jpg 572w, https:\/\/terratopraklama.com\/wp-content\/uploads\/2024\/05\/KocaeliEntegre-300x252.jpg 300w, https:\/\/terratopraklama.com\/wp-content\/uploads\/2024\/05\/KocaeliEntegre-370x310.jpg 370w, https:\/\/terratopraklama.com\/wp-content\/uploads\/2024\/05\/KocaeliEntegre-410x344.jpg 410w\" sizes=\"(max-width: 600px) 100vw, 572px\" \/>\t\t\t\t\t\t<div class=\"mask\"><\/div>\n\t\t\t\t\t\t\t\t\t\t<a href=\"https:\/\/terratopraklama.com\/en\/portfolio\/kocaeli-entegre-saglik-kampusu\/\"  aria-hidden=\"true\" class=\"icons\"><\/a>\n\t\t\t\t<\/div><div class=\"sc_blogger_item_content entry-content\"><h5 class=\"sc_blogger_item_title entry-title\" data-item-number=\"2\"><a href=\"https:\/\/terratopraklama.com\/en\/portfolio\/kocaeli-entegre-saglik-kampusu\/\" rel=\"bookmark\">Kocaeli Integrated Health Campus<\/a><\/h5><div class=\"post_meta sc_blogger_item_meta post_meta_categories\"><span class=\"post_meta_item post_categories cat_sep\"><a href=\"https:\/\/terratopraklama.com\/en\/portfolio_group\/projects\/\" title=\"View all posts in Projects\">Projects<\/a><\/span><\/div><\/div><!-- .entry-content --><\/div><!-- .sc_blogger_item_body --><\/div><!-- .sc_blogger_item --><\/div><div class=\"trx_addons_column-1_2\"><div data-post-id=\"18306\" data-item-number=\"3\" class=\"sc_blogger_item sc_item_container post_container sc_blogger_item_lay_portfolio sc_blogger_item_lay_portfolio_style-8 sc_blogger_item_odd sc_blogger_item_align_none post_format_standard sc_blogger_item_with_image sc_blogger_item_no_excerpt sc_blogger_item_image_position_top post-18306 cpt_portfolio type-cpt_portfolio status-publish has-post-thumbnail hentry cpt_portfolio_group-projects\" ><div class=\"sc_blogger_item_body\"><div class=\"post_featured with_thumb hover_on_waves sc_item_featured sc_blogger_item_featured trx_addons_image_effects_on_waves\" data-image-effect=\"on_waves\" data-image-effect-scale=\"1\" data-image-effect-strength=\"30\"><img decoding=\"async\" width=\"572\" height=\"480\" src=\"https:\/\/terratopraklama.com\/wp-content\/uploads\/2024\/05\/Galataport.jpg\" class=\"attachment-kayon-thumb-medium-square size-kayon-thumb-medium-square wp-post-image\" alt=\"\" srcset=\"https:\/\/terratopraklama.com\/wp-content\/uploads\/2024\/05\/Galataport.jpg 572w, https:\/\/terratopraklama.com\/wp-content\/uploads\/2024\/05\/Galataport-300x252.jpg 300w, https:\/\/terratopraklama.com\/wp-content\/uploads\/2024\/05\/Galataport-370x310.jpg 370w, https:\/\/terratopraklama.com\/wp-content\/uploads\/2024\/05\/Galataport-410x344.jpg 410w\" sizes=\"(max-width: 600px) 100vw, 572px\" \/>\t\t\t\t\t\t<div class=\"mask\"><\/div>\n\t\t\t\t\t\t\t\t\t\t<a href=\"https:\/\/terratopraklama.com\/en\/portfolio\/galataport\/\"  aria-hidden=\"true\" class=\"icons\"><\/a>\n\t\t\t\t<\/div><div class=\"sc_blogger_item_content entry-content\"><h5 class=\"sc_blogger_item_title entry-title\" data-item-number=\"3\"><a href=\"https:\/\/terratopraklama.com\/en\/portfolio\/galataport\/\" rel=\"bookmark\">Galataport<\/a><\/h5><div class=\"post_meta sc_blogger_item_meta post_meta_categories\"><span class=\"post_meta_item post_categories cat_sep\"><a href=\"https:\/\/terratopraklama.com\/en\/portfolio_group\/projects\/\" title=\"View all posts in Projects\">Projects<\/a><\/span><\/div><\/div><!-- .entry-content --><\/div><!-- .sc_blogger_item_body --><\/div><!-- .sc_blogger_item --><\/div><div class=\"trx_addons_column-1_2\"><div data-post-id=\"18307\" data-item-number=\"4\" class=\"sc_blogger_item sc_item_container post_container sc_blogger_item_lay_portfolio sc_blogger_item_lay_portfolio_style-8 sc_blogger_item_even sc_blogger_item_align_none post_format_standard sc_blogger_item_with_image sc_blogger_item_no_excerpt sc_blogger_item_image_position_top post-18307 cpt_portfolio type-cpt_portfolio status-publish has-post-thumbnail hentry cpt_portfolio_group-projects\" ><div class=\"sc_blogger_item_body\"><div class=\"post_featured with_thumb hover_on_waves sc_item_featured sc_blogger_item_featured trx_addons_image_effects_on_waves\" data-image-effect=\"on_waves\" data-image-effect-scale=\"1\" data-image-effect-strength=\"30\"><img loading=\"lazy\" decoding=\"async\" width=\"572\" height=\"480\" src=\"https:\/\/terratopraklama.com\/wp-content\/uploads\/2024\/05\/Istanbulhavalimani.jpg\" class=\"attachment-kayon-thumb-medium-square size-kayon-thumb-medium-square wp-post-image\" alt=\"\" srcset=\"https:\/\/terratopraklama.com\/wp-content\/uploads\/2024\/05\/Istanbulhavalimani.jpg 572w, https:\/\/terratopraklama.com\/wp-content\/uploads\/2024\/05\/Istanbulhavalimani-300x252.jpg 300w, https:\/\/terratopraklama.com\/wp-content\/uploads\/2024\/05\/Istanbulhavalimani-370x310.jpg 370w, https:\/\/terratopraklama.com\/wp-content\/uploads\/2024\/05\/Istanbulhavalimani-410x344.jpg 410w\" sizes=\"(max-width: 600px) 100vw, 572px\" \/>\t\t\t\t\t\t<div class=\"mask\"><\/div>\n\t\t\t\t\t\t\t\t\t\t<a href=\"https:\/\/terratopraklama.com\/en\/portfolio\/istanbul-havalimani\/\"  aria-hidden=\"true\" class=\"icons\"><\/a>\n\t\t\t\t<\/div><div class=\"sc_blogger_item_content entry-content\"><h5 class=\"sc_blogger_item_title entry-title\" data-item-number=\"4\"><a href=\"https:\/\/terratopraklama.com\/en\/portfolio\/istanbul-havalimani\/\" rel=\"bookmark\">Istanbul Airport<\/a><\/h5><div class=\"post_meta sc_blogger_item_meta post_meta_categories\"><span class=\"post_meta_item post_categories cat_sep\"><a href=\"https:\/\/terratopraklama.com\/en\/portfolio_group\/projects\/\" title=\"View all posts in Projects\">Projects<\/a><\/span><\/div><\/div><!-- .entry-content --><\/div><!-- .sc_blogger_item_body --><\/div><!-- .sc_blogger_item --><\/div><\/div><\/div>\t\t\t\t<\/div>\n\t\t\t\t<\/div>\n\t\t\t\t<div class=\"elementor-element elementor-element-5111ffe sc_height_huge sc_fly_static elementor-widget elementor-widget-spacer\" data-id=\"5111ffe\" data-element_type=\"widget\" data-widget_type=\"spacer.default\">\n\t\t\t\t<div class=\"elementor-widget-container\">\n\t\t\t\t\t\t\t<div class=\"elementor-spacer\">\n\t\t\t<div class=\"elementor-spacer-inner\"><\/div>\n\t\t<\/div>\n\t\t\t\t\t\t<\/div>\n\t\t\t\t<\/div>\n\t\t\t\t\t<\/div>\n\t\t<\/div>\n\t\t\t\t\t<\/div>\n\t\t<\/section>\n\t\t\t\t<\/div>","protected":false},"excerpt":{"rendered":"<p>Turkcell Data Merkezi Projects Kocaeli Entegre Sa\u011fl\u0131k Kamp\u00fcs\u00fc Projects Galataport Projects \u0130stanbul Havaliman\u0131 Projects<\/p>","protected":false},"author":1,"featured_media":0,"parent":0,"menu_order":0,"comment_status":"closed","ping_status":"closed","template":"","meta":{"_themeisle_gutenberg_block_has_review":false,"footnotes":""},"class_list":["post-19219","page","type-page","status-publish","hentry"],"yoast_head":"<!-- This site is optimized with the Yoast SEO plugin v26.3 - https:\/\/yoast.com\/wordpress\/plugins\/seo\/ -->\n<title>Projeler - Terra<\/title>\n<meta name=\"description\" content=\"Farkl\u0131 sekt\u00f6rlerde uygulad\u0131\u011f\u0131m\u0131z y\u0131ld\u0131r\u0131mdan korunma ve topraklama projelerini ke\u015ffedin. Kalite odakl\u0131 uygulamalar ve g\u00fcvenilir referanslar.\" \/>\n<meta name=\"robots\" content=\"index, follow, max-snippet:-1, max-image-preview:large, max-video-preview:-1\" \/>\n<link rel=\"canonical\" href=\"https:\/\/terratopraklama.com\/en\/projeler\/\" \/>\n<meta property=\"og:locale\" content=\"en_US\" \/>\n<meta property=\"og:type\" content=\"article\" \/>\n<meta property=\"og:title\" content=\"Projeler - Terra\" \/>\n<meta property=\"og:description\" content=\"Farkl\u0131 sekt\u00f6rlerde uygulad\u0131\u011f\u0131m\u0131z y\u0131ld\u0131r\u0131mdan korunma ve topraklama projelerini ke\u015ffedin. Kalite odakl\u0131 uygulamalar ve g\u00fcvenilir referanslar.\" \/>\n<meta property=\"og:url\" content=\"https:\/\/terratopraklama.com\/en\/projeler\/\" \/>\n<meta property=\"og:site_name\" content=\"Terra\" \/>\n<meta property=\"article:modified_time\" content=\"2025-11-17T06:09:02+00:00\" \/>\n<meta property=\"og:image\" content=\"https:\/\/terratopraklama.com\/wp-content\/uploads\/2024\/05\/Turkcell-1.jpg\" \/>\n<meta name=\"twitter:card\" content=\"summary_large_image\" \/>\n<meta name=\"twitter:label1\" content=\"Est. reading time\" \/>\n\t<meta name=\"twitter:data1\" content=\"1 minute\" \/>\n<script type=\"application\/ld+json\" class=\"yoast-schema-graph\">{\"@context\":\"https:\/\/schema.org\",\"@graph\":[{\"@type\":\"WebPage\",\"@id\":\"https:\/\/terratopraklama.com\/projeler\/\",\"url\":\"https:\/\/terratopraklama.com\/projeler\/\",\"name\":\"Projeler - Terra\",\"isPartOf\":{\"@id\":\"https:\/\/terratopraklama.com\/#website\"},\"primaryImageOfPage\":{\"@id\":\"https:\/\/terratopraklama.com\/projeler\/#primaryimage\"},\"image\":{\"@id\":\"https:\/\/terratopraklama.com\/projeler\/#primaryimage\"},\"thumbnailUrl\":\"https:\/\/terratopraklama.com\/wp-content\/uploads\/2024\/05\/Turkcell-1.jpg\",\"datePublished\":\"2024-05-27T15:36:40+00:00\",\"dateModified\":\"2025-11-17T06:09:02+00:00\",\"description\":\"Farkl\u0131 sekt\u00f6rlerde uygulad\u0131\u011f\u0131m\u0131z y\u0131ld\u0131r\u0131mdan korunma ve topraklama projelerini ke\u015ffedin. Kalite odakl\u0131 uygulamalar ve g\u00fcvenilir referanslar.\",\"breadcrumb\":{\"@id\":\"https:\/\/terratopraklama.com\/projeler\/#breadcrumb\"},\"inLanguage\":\"en-US\",\"potentialAction\":[{\"@type\":\"ReadAction\",\"target\":[\"https:\/\/terratopraklama.com\/projeler\/\"]}]},{\"@type\":\"ImageObject\",\"inLanguage\":\"en-US\",\"@id\":\"https:\/\/terratopraklama.com\/projeler\/#primaryimage\",\"url\":\"https:\/\/terratopraklama.com\/wp-content\/uploads\/2024\/05\/Turkcell-1.jpg\",\"contentUrl\":\"https:\/\/terratopraklama.com\/wp-content\/uploads\/2024\/05\/Turkcell-1.jpg\"},{\"@type\":\"BreadcrumbList\",\"@id\":\"https:\/\/terratopraklama.com\/projeler\/#breadcrumb\",\"itemListElement\":[{\"@type\":\"ListItem\",\"position\":1,\"name\":\"Anasayfa\",\"item\":\"https:\/\/terratopraklama.com\/\"},{\"@type\":\"ListItem\",\"position\":2,\"name\":\"Projeler\"}]},{\"@type\":\"WebSite\",\"@id\":\"https:\/\/terratopraklama.com\/#website\",\"url\":\"https:\/\/terratopraklama.com\/\",\"name\":\"Terra\",\"description\":\"M\u00fchendislikten Gelen G\u00fc\u00e7, Topraktan Gelen G\u00fcven\",\"publisher\":{\"@id\":\"https:\/\/terratopraklama.com\/#organization\"},\"potentialAction\":[{\"@type\":\"SearchAction\",\"target\":{\"@type\":\"EntryPoint\",\"urlTemplate\":\"https:\/\/terratopraklama.com\/?s={search_term_string}\"},\"query-input\":{\"@type\":\"PropertyValueSpecification\",\"valueRequired\":true,\"valueName\":\"search_term_string\"}}],\"inLanguage\":\"en-US\"},{\"@type\":\"Organization\",\"@id\":\"https:\/\/terratopraklama.com\/#organization\",\"name\":\"Terra\",\"url\":\"https:\/\/terratopraklama.com\/\",\"logo\":{\"@type\":\"ImageObject\",\"inLanguage\":\"en-US\",\"@id\":\"https:\/\/terratopraklama.com\/#\/schema\/logo\/image\/\",\"url\":\"https:\/\/terratopraklama.com\/wp-content\/uploads\/2025\/09\/cropped-TERRALogo3-1.jpg\",\"contentUrl\":\"https:\/\/terratopraklama.com\/wp-content\/uploads\/2025\/09\/cropped-TERRALogo3-1.jpg\",\"width\":640,\"height\":249,\"caption\":\"Terra\"},\"image\":{\"@id\":\"https:\/\/terratopraklama.com\/#\/schema\/logo\/image\/\"}}]}<\/script>\n<!-- \/ Yoast SEO plugin. -->","yoast_head_json":{"title":"Projeler - Terra","description":"Farkl\u0131 sekt\u00f6rlerde uygulad\u0131\u011f\u0131m\u0131z y\u0131ld\u0131r\u0131mdan korunma ve topraklama projelerini ke\u015ffedin. Kalite odakl\u0131 uygulamalar ve g\u00fcvenilir referanslar.","robots":{"index":"index","follow":"follow","max-snippet":"max-snippet:-1","max-image-preview":"max-image-preview:large","max-video-preview":"max-video-preview:-1"},"canonical":"https:\/\/terratopraklama.com\/en\/projeler\/","og_locale":"en_US","og_type":"article","og_title":"Projeler - Terra","og_description":"Farkl\u0131 sekt\u00f6rlerde uygulad\u0131\u011f\u0131m\u0131z y\u0131ld\u0131r\u0131mdan korunma ve topraklama projelerini ke\u015ffedin. Kalite odakl\u0131 uygulamalar ve g\u00fcvenilir referanslar.","og_url":"https:\/\/terratopraklama.com\/en\/projeler\/","og_site_name":"Terra","article_modified_time":"2025-11-17T06:09:02+00:00","og_image":[{"url":"https:\/\/terratopraklama.com\/wp-content\/uploads\/2024\/05\/Turkcell-1.jpg","type":"","width":"","height":""}],"twitter_card":"summary_large_image","twitter_misc":{"Est. reading time":"1 minute"},"schema":{"@context":"https:\/\/schema.org","@graph":[{"@type":"WebPage","@id":"https:\/\/terratopraklama.com\/projeler\/","url":"https:\/\/terratopraklama.com\/projeler\/","name":"Projeler - Terra","isPartOf":{"@id":"https:\/\/terratopraklama.com\/#website"},"primaryImageOfPage":{"@id":"https:\/\/terratopraklama.com\/projeler\/#primaryimage"},"image":{"@id":"https:\/\/terratopraklama.com\/projeler\/#primaryimage"},"thumbnailUrl":"https:\/\/terratopraklama.com\/wp-content\/uploads\/2024\/05\/Turkcell-1.jpg","datePublished":"2024-05-27T15:36:40+00:00","dateModified":"2025-11-17T06:09:02+00:00","description":"Farkl\u0131 sekt\u00f6rlerde uygulad\u0131\u011f\u0131m\u0131z y\u0131ld\u0131r\u0131mdan korunma ve topraklama projelerini ke\u015ffedin. Kalite odakl\u0131 uygulamalar ve g\u00fcvenilir referanslar.","breadcrumb":{"@id":"https:\/\/terratopraklama.com\/projeler\/#breadcrumb"},"inLanguage":"en-US","potentialAction":[{"@type":"ReadAction","target":["https:\/\/terratopraklama.com\/projeler\/"]}]},{"@type":"ImageObject","inLanguage":"en-US","@id":"https:\/\/terratopraklama.com\/projeler\/#primaryimage","url":"https:\/\/terratopraklama.com\/wp-content\/uploads\/2024\/05\/Turkcell-1.jpg","contentUrl":"https:\/\/terratopraklama.com\/wp-content\/uploads\/2024\/05\/Turkcell-1.jpg"},{"@type":"BreadcrumbList","@id":"https:\/\/terratopraklama.com\/projeler\/#breadcrumb","itemListElement":[{"@type":"ListItem","position":1,"name":"Anasayfa","item":"https:\/\/terratopraklama.com\/"},{"@type":"ListItem","position":2,"name":"Projeler"}]},{"@type":"WebSite","@id":"https:\/\/terratopraklama.com\/#website","url":"https:\/\/terratopraklama.com\/","name":"Terra","description":"Power from Engineering, Confidence from the Ground","publisher":{"@id":"https:\/\/terratopraklama.com\/#organization"},"potentialAction":[{"@type":"SearchAction","target":{"@type":"EntryPoint","urlTemplate":"https:\/\/terratopraklama.com\/?s={search_term_string}"},"query-input":{"@type":"PropertyValueSpecification","valueRequired":true,"valueName":"search_term_string"}}],"inLanguage":"en-US"},{"@type":"Organization","@id":"https:\/\/terratopraklama.com\/#organization","name":"Terra","url":"https:\/\/terratopraklama.com\/","logo":{"@type":"ImageObject","inLanguage":"en-US","@id":"https:\/\/terratopraklama.com\/#\/schema\/logo\/image\/","url":"https:\/\/terratopraklama.com\/wp-content\/uploads\/2025\/09\/cropped-TERRALogo3-1.jpg","contentUrl":"https:\/\/terratopraklama.com\/wp-content\/uploads\/2025\/09\/cropped-TERRALogo3-1.jpg","width":640,"height":249,"caption":"Terra"},"image":{"@id":"https:\/\/terratopraklama.com\/#\/schema\/logo\/image\/"}}]}},"_links":{"self":[{"href":"https:\/\/terratopraklama.com\/en\/wp-json\/wp\/v2\/pages\/19219","targetHints":{"allow":["GET"]}}],"collection":[{"href":"https:\/\/terratopraklama.com\/en\/wp-json\/wp\/v2\/pages"}],"about":[{"href":"https:\/\/terratopraklama.com\/en\/wp-json\/wp\/v2\/types\/page"}],"author":[{"embeddable":true,"href":"https:\/\/terratopraklama.com\/en\/wp-json\/wp\/v2\/users\/1"}],"replies":[{"embeddable":true,"href":"https:\/\/terratopraklama.com\/en\/wp-json\/wp\/v2\/comments?post=19219"}],"version-history":[{"count":4,"href":"https:\/\/terratopraklama.com\/en\/wp-json\/wp\/v2\/pages\/19219\/revisions"}],"predecessor-version":[{"id":21343,"href":"https:\/\/terratopraklama.com\/en\/wp-json\/wp\/v2\/pages\/19219\/revisions\/21343"}],"wp:attachment":[{"href":"https:\/\/terratopraklama.com\/en\/wp-json\/wp\/v2\/media?parent=19219"}],"curies":[{"name":"wp","href":"https:\/\/api.w.org\/{rel}","templated":true}]}}